{"id":41459,"date":"2024-05-14T09:06:07","date_gmt":"2024-05-14T13:06:07","guid":{"rendered":"\/bundle-transform-duo\/"},"modified":"2026-01-28T16:53:24","modified_gmt":"2026-01-28T21:53:24","slug":"transform-duo","status":"publish","type":"page","link":"\/es\/transform-duo\/","title":{"rendered":"BUNDLE | TRANSFORM DUO"},"content":{"rendered":"<p>[et_pb_section fb_built=&#8221;1&#8243; _builder_version=&#8221;4.27.4&#8243; _module_preset=&#8221;default&#8221; width=&#8221;100%&#8221; overflow-x=&#8221;visible&#8221; overflow-y=&#8221;visible&#8221; custom_padding=&#8221;|0px||||&#8221; locked=&#8221;off&#8221; global_colors_info=&#8221;{}&#8221;][et_pb_row column_structure=&#8221;1_2,1_2&#8243; _builder_version=&#8221;4.27.4&#8243; _module_preset=&#8221;default&#8221; width=&#8221;74.9%&#8221; overflow-x=&#8221;visible&#8221; overflow-y=&#8221;visible&#8221; custom_padding=&#8221;||0px|||&#8221; global_colors_info=&#8221;{}&#8221;][et_pb_column type=&#8221;1_2&#8243; _builder_version=&#8221;4.27.4&#8243; _module_preset=&#8221;default&#8221; global_colors_info=&#8221;{}&#8221;][dica_divi_carousel show_items_desktop=&#8221;1&#8243; show_items_tablet=&#8221;1&#8243; loop=&#8221;on&#8221; arrow_nav=&#8221;on&#8221; arrow_nav_color=&#8221;gcid-primary-color&#8221; arrow_bg_color=&#8221;RGBA(255,255,255,0)&#8221; dots_active_color=&#8221;gcid-bb9c0857-25e3-4051-b4b2-87f09afe6b01&#8243; overlay_color_field_bgcolor=&#8221;rgba(255,255,255,0.85)&#8221; carousel_container_margin=&#8221;||||false|false&#8221; carousel_container_padding=&#8221;||||false|false&#8221; image_container_margin=&#8221;||||false|false&#8221; image_container_margin_tablet=&#8221;||||false|false&#8221; image_container_margin_phone=&#8221;||0px||false|false&#8221; image_container_margin_last_edited=&#8221;on|desktop&#8221; image_container_padding=&#8221;||||false|false&#8221; image_padding=&#8221;|20px||20px|false|false&#8221; image_padding_tablet=&#8221;|20px||20px|false|false&#8221; image_padding_phone=&#8221;|20px||20px|false|false&#8221; image_padding_last_edited=&#8221;on|phone&#8221; content_container_margin=&#8221;||||false|false&#8221; disabled_on=&#8221;off|off|off&#8221; _builder_version=&#8221;4.27.4&#8243; _module_preset=&#8221;default&#8221; locked=&#8221;off&#8221; global_colors_info=&#8221;{%22gcid-primary-color%22:%91%22arrow_nav_color%22%93,%22gcid-bb9c0857-25e3-4051-b4b2-87f09afe6b01%22:%91%22dots_active_color%22%93}&#8221;][dica_divi_carouselitem button_url_new_window=&#8221;on&#8221; image=&#8221;https:\/\/d1jeyrxw15fk4e.cloudfront.net\/wp-content\/uploads\/2026\/01\/Transform-Duo.png&#8221; image_alt=&#8221;product&#8221; _builder_version=&#8221;4.27.4&#8243; _module_preset=&#8221;default&#8221; header_level=&#8221;h6&#8243; header_font=&#8221;&#8211;et_global_heading_font|600|||||||&#8221; header_text_align=&#8221;center&#8221; header_text_color=&#8221;#000000&#8243; header_font_size=&#8221;25px&#8221; subtitle_text_color=&#8221;#E02B20&#8243; body_text_color=&#8221;#000000&#8243; body_font_size=&#8221;16px&#8221; body_line_height=&#8221;1.7em&#8221; button_alignment=&#8221;center&#8221; global_colors_info=&#8221;{%22gcid-primary-color%22:%91%22button_bg_color%22%93}&#8221;][\/dica_divi_carouselitem][dica_divi_carouselitem button_url_new_window=&#8221;on&#8221; image=&#8221;https:\/\/d1jeyrxw15fk4e.cloudfront.net\/wp-content\/uploads\/2026\/01\/Transform-Duo-Vanilla.png&#8221; image_alt=&#8221;product&#8221; _builder_version=&#8221;4.27.4&#8243; _module_preset=&#8221;default&#8221; header_level=&#8221;h6&#8243; header_font=&#8221;&#8211;et_global_heading_font|600|||||||&#8221; header_text_align=&#8221;center&#8221; header_text_color=&#8221;#000000&#8243; header_font_size=&#8221;25px&#8221; subtitle_text_color=&#8221;#E02B20&#8243; body_text_color=&#8221;#000000&#8243; body_font_size=&#8221;16px&#8221; body_line_height=&#8221;1.7em&#8221; button_alignment=&#8221;center&#8221; global_colors_info=&#8221;{%22gcid-primary-color%22:%91%22button_bg_color%22%93}&#8221;][\/dica_divi_carouselitem][dica_divi_carouselitem button_url_new_window=&#8221;on&#8221; image=&#8221;https:\/\/d1jeyrxw15fk4e.cloudfront.net\/wp-content\/uploads\/2026\/01\/Transform-Duo-Chocolate.png&#8221; image_alt=&#8221;product&#8221; _builder_version=&#8221;4.27.4&#8243; _module_preset=&#8221;default&#8221; header_level=&#8221;h6&#8243; header_font=&#8221;&#8211;et_global_heading_font|600|||||||&#8221; header_text_align=&#8221;center&#8221; header_text_color=&#8221;#000000&#8243; header_font_size=&#8221;25px&#8221; subtitle_text_color=&#8221;#E02B20&#8243; body_text_color=&#8221;#000000&#8243; body_font_size=&#8221;16px&#8221; body_line_height=&#8221;1.7em&#8221; button_alignment=&#8221;center&#8221; global_colors_info=&#8221;{%22gcid-primary-color%22:%91%22button_bg_color%22%93}&#8221;][\/dica_divi_carouselitem][\/dica_divi_carousel][dica_divi_carousel overlay_color_field_bgcolor=&#8221;rgba(255,255,255,0.85)&#8221; _builder_version=&#8221;4.27.4&#8243; _module_preset=&#8221;default&#8221; global_colors_info=&#8221;{}&#8221;][\/dica_divi_carousel][\/et_pb_column][et_pb_column type=&#8221;1_2&#8243; _builder_version=&#8221;4.27.4&#8243; _module_preset=&#8221;default&#8221; global_colors_info=&#8221;{}&#8221;][et_pb_text _builder_version=&#8221;4.27.4&#8243; _module_preset=&#8221;default&#8221; text_font=&#8221;Lato|300|||||||&#8221; text_text_color=&#8221;#000000&#8243; text_font_size=&#8221;16px&#8221; text_line_height=&#8221;1.5em&#8221; header_font=&#8221;Tenor Sans|||on|||||&#8221; header_text_align=&#8221;center&#8221; header_text_color=&#8221;#000000&#8243; header_line_height=&#8221;1.5em&#8221; text_orientation=&#8221;center&#8221; locked=&#8221;off&#8221; global_colors_info=&#8221;{}&#8221;]<\/p>\n<p class=\"p1\" style=\"text-align: center;\"><span style=\"font-size: 16px; text-align: center;\"> <\/span><\/p>\n<h1 style=\"text-align: left;\">TRANSFORM DUO<\/h1>\n<h3 style=\"text-align: left;\">PAQUETE<\/h3>\n<p>[\/et_pb_text][et_pb_tabs module_class=&#8221;tabs-responsive&#8221; _builder_version=&#8221;4.27.4&#8243; _module_preset=&#8221;default&#8221; hover_enabled=&#8221;0&#8243; custom_css_free_form=&#8221;\/* ===== Divi Tabs: horizontal on desktop, vertical on mobile ===== *\/||\/* Target ONLY the tabs module you added the class to *\/||.tabs-responsive .et_pb_tabs_controls {||  display: flex !important;||  flex-wrap: nowrap;              \/* keep in one line on desktop *\/||  align-items: stretch;||  margin: 0 !important;||  padding: 0 !important;||}||\/* Make each tab share space evenly *\/||.tabs-responsive .et_pb_tabs_controls li {||  flex: 1 1 0;||  width: auto !important;         \/* override Divi widths *\/||  display: flex;||  margin: 0 !important;||}||\/* Center tab text and prevent ugly wrapping *\/||.tabs-responsive .et_pb_tabs_controls li a {||  width: 100%;||  text-align: center;||  white-space: nowrap;            \/* keeps \u201cHOW TO USE\u201d on one line *\/||  padding: 14px 10px;||  font-size: clamp(12px, 1.1vw, 18px);  \/* scales nicely with screen *\/||  line-height: 1.1;||}||\/* Optional: reduce the divider look between tabs *\/||.tabs-responsive .et_pb_tabs_controls li:not(:last-child) {||  border-right: 1px solid rgba(0,0,0,.12);||}||\/* &#8212;- Mobile: stack tabs vertically &#8212;- *\/||@media (max-width: 767px) {||  .tabs-responsive .et_pb_tabs_controls {||    flex-direction: column !important;||    flex-wrap: wrap !important;||  }||  .tabs-responsive .et_pb_tabs_controls li {||    flex: none;||    width: 100% !important;||  }||  .tabs-responsive .et_pb_tabs_controls li a {||    white-space: normal;          \/* allow wrapping on mobile *\/||    text-align: left;             \/* usually reads better stacked *\/||    padding: 14px 16px;||    font-size: 16px;||  }||  .tabs-responsive .et_pb_tabs_controls li:not(:last-child) {||    border-right: none;||    border-bottom: 1px solid rgba(0,0,0,.12);||  }||}&#8221; locked=&#8221;off&#8221; global_colors_info=&#8221;{}&#8221; sticky_enabled=&#8221;0&#8243;][et_pb_tab title=&#8221;DESCRIPCI\u00d3N&#8221; _builder_version=&#8221;4.27.4&#8243; _module_preset=&#8221;default&#8221; body_font=&#8221;Lato||||||||&#8221; body_text_color=&#8221;#000000&#8243; tab_font=&#8221;Lato|&#8211;et_global_heading_font_weight|||||||&#8221; tab_text_color=&#8221;#000000&#8243; global_colors_info=&#8221;{}&#8221;]<\/p>\n<p>\u00a1Transforme su salud y su cuerpo con este d\u00fao definitivo!<\/p>\n<p>Bravenly Fit Fuel nutre tu cuerpo y apoya el crecimiento y la recuperaci\u00f3n muscular, mientras que Burn Extreme apoya tu metabolismo, la autofagia y el m\u00fasculo que tanto te ha costado lograr. Juntos, el Transform Duo es el complemento perfecto para alcanzar una composici\u00f3n corporal saludable.\u2020 <\/p>\n<p><em><strong>Incluye:<\/strong> Bravenly Fit Fuel (cucharadas) y Burn Extreme<\/em><\/p>\n<p>[\/et_pb_tab][et_pb_tab title=&#8221;PRODUCTOS&#8221; _builder_version=&#8221;4.27.4&#8243; _module_preset=&#8221;default&#8221; body_font=&#8221;Lato||||||||&#8221; body_text_color=&#8221;#000000&#8243; tab_font=&#8221;Lato|&#8211;et_global_heading_font_weight|||||||&#8221; tab_text_color=&#8221;#000000&#8243; global_colors_info=&#8221;{}&#8221;]<\/p>\n<p><strong>BRAVENLY FIT FUEL<\/strong> es una mezcla 3 en 1 con m\u00faltiples beneficios y el complemento perfecto para tu camino de salud y bienestar. Las tres mezclas (mezcla de prote\u00edna\/col\u00e1geno Bravenly, mezcla digestiva Bravenly y mezcla Bravenly Fit Fuel) trabajan juntas para potenciar tus resultados y transformar tu cuerpo.\u2020 <\/p>\n<p><em>Elige el sabor de Bravenly Fit Fuel: Vanilla o Chocolate<\/em><\/p>\n<p><strong>BURN EXTREME<\/strong> es un suplemento que apoya el metabolismo, niveles saludables de az\u00facar en la sangre, el control del peso, el envejecimiento saludable y la longevidad.\u2020<\/p>\n<p>[\/et_pb_tab][et_pb_tab title=&#8221;C\u00d3MO USARLO&#8221; _builder_version=&#8221;4.27.4&#8243; _module_preset=&#8221;default&#8221; body_font=&#8221;Lato||||||||&#8221; body_text_color=&#8221;#000000&#8243; tab_font=&#8221;Lato|&#8211;et_global_body_font_weight|||||||&#8221; tab_text_color=&#8221;#000000&#8243; global_colors_info=&#8221;{}&#8221;]<\/p>\n<p class=\"hdline\"><strong>INSTRUCCIONES:<\/strong><\/p>\n<p><strong>BRAVENLY FIT FUEL:<\/strong> Mezcla 2 cucharadas en tu elecci\u00f3n de agua, leche, jugo o una bebida alternativa. Mezclar hasta su completa disoluci\u00f3n.<\/p>\n<p><strong>BURN EXTREME:<\/strong> Toma de 1 a 2 c\u00e1psulas dos veces al d\u00eda, preferiblemente con las comidas, o seg\u00fan las indicaciones de un profesional de la salud.<\/p>\n<p><em>*Las mujeres embarazadas o en per\u00edodo de lactancia, los ni\u00f1os menores de 18 a\u00f1os y las personas con problemas m\u00e9dicos conocidos deben consultar a un m\u00e9dico antes de utilizar este o cualquier suplemento diet\u00e9tico. Conservaci\u00f3n: No utilizar si el precinto de seguridad est\u00e1 da\u00f1ado o falta. Conservar en un lugar fresco y seco, alejado del calor y la humedad.<\/em><\/p>\n<p>[\/et_pb_tab][et_pb_tab title=&#8221;EASY-SHIP&#8221; _builder_version=&#8221;4.27.4&#8243; _module_preset=&#8221;default&#8221; body_font=&#8221;Lato||||||||&#8221; body_text_color=&#8221;#000000&#8243; tab_font=&#8221;Lato|&#8211;et_global_body_font_weight|||||||&#8221; tab_text_color=&#8221;#000000&#8243; hover_enabled=&#8221;0&#8243; global_colors_info=&#8221;{}&#8221; sticky_enabled=&#8221;0&#8243;]<\/p>\n<p>Al comprar este art\u00edculo, no se le incluir\u00e1 autom\u00e1ticamente en Easy-Ship para este producto. Cuando a\u00f1ada productos a su Easy-Ship, el precio que pague la primera vez ser\u00e1 el precio que seguir\u00e1 pagando mientras su Easy-Ship est\u00e9 activado.<\/p>\n<p><span>Para evitar cargos recurrentes y env\u00edos de productos, evita configurar un Easy-Ship.<\/span><\/p>\n<p>Easy-Ship es la mejor forma de recibir los productos en la puerta de su casa todos los meses sin complicaciones. Pero no se preocupe, \u00a1no se lo exigimos! Gestiona tu pedido de Bravenly Easy-Ship f\u00e1cilmente desde tu propio Back Office. \u00bfTiene preguntas o dudas sobre Easy-Ship? Nuestro equipo de asistencia de Bravenly estar\u00e1 encantado de ayudarle. <a href=\"support@bravenlyglobal.com\">support@bravenlyglobal.com<\/a><\/p>\n<p>[\/et_pb_tab][\/et_pb_tabs][et_pb_text _builder_version=&#8221;4.27.4&#8243; _module_preset=&#8221;default&#8221; text_font=&#8221;Lato|300|||||||&#8221; text_text_color=&#8221;#000000&#8243; text_font_size=&#8221;16px&#8221; text_line_height=&#8221;1.5em&#8221; header_font=&#8221;Tenor Sans|700|||on||||&#8221; header_text_color=&#8221;gcid-body-color&#8221; header_font_size=&#8221;18px&#8221; header_line_height=&#8221;1.5em&#8221; min_height=&#8221;95px&#8221; custom_margin=&#8221;3px|10px|10px|10px|false|false&#8221; custom_padding=&#8221;10px|10px|10px||false|false&#8221; locked=&#8221;off&#8221; global_colors_info=&#8221;{%22gcid-body-color%22:%91%22header_text_color%22%93}&#8221;]<\/p>\n<p>VALOR DE USD$<span class=\"a_GcMg font-feature-liga-off font-feature-clig-off font-feature-calt-off text-decoration-none text-strikethrough-none\">210<\/span><\/p>\n<p><strong>USD$203 PRECIO AL P\u00daBLICO<\/strong><\/p>\n<p><strong>USD$183.70 VIP<\/strong><\/p>\n<p>[\/et_pb_text][et_pb_button button_url=&#8221;https:\/\/shop.bydesign.com\/Bravenly\/#\/shop\/detail\/TRANSFORMDUOP\/from\/A5797007&#8221; button_text=&#8221;A\u00d1ADIR AL CARRITO&#8221; button_text_tablet=&#8221;A\u00d1ADIR AL CARRITO&#8221; button_text_phone=&#8221;A\u00d1ADIR AL CARRITO&#8221; button_text_last_edited=&#8221;on|desktop&#8221; _builder_version=&#8221;4.27.4&#8243; _module_preset=&#8221;default&#8221; custom_button=&#8221;on&#8221; button_text_size=&#8221;18px&#8221; button_text_color=&#8221;#FFFFFF&#8221; button_bg_color=&#8221;gcid-primary-color&#8221; button_border_width=&#8221;2px&#8221; button_border_color=&#8221;gcid-body-color&#8221; button_font=&#8221;Lato||||||||&#8221; custom_margin=&#8221;10px|10px|10px|10px|false|false&#8221; custom_padding=&#8221;10px||10px||false|false&#8221; locked=&#8221;off&#8221; global_colors_info=&#8221;{%22gcid-body-color%22:%91%22button_border_color%22%93,%22gcid-primary-color%22:%91%22button_bg_color%22%93}&#8221;][\/et_pb_button][\/et_pb_column][\/et_pb_row][\/et_pb_section][et_pb_section fb_built=&#8221;1&#8243; admin_label=&#8221;Popular Product Section&#8221; _builder_version=&#8221;4.27.4&#8243; custom_padding=&#8221;70px|0px|0px|0px||&#8221; locked=&#8221;off&#8221; collapsed=&#8221;off&#8221; global_colors_info=&#8221;{}&#8221;][et_pb_row column_structure=&#8221;1_2,1_2&#8243; _builder_version=&#8221;4.27.4&#8243; max_width=&#8221;1280px&#8221; custom_padding=&#8221;0px|||||&#8221; use_custom_width=&#8221;on&#8221; custom_width_px=&#8221;1280px&#8221; collapsed=&#8221;off&#8221; global_colors_info=&#8221;{}&#8221;][et_pb_column type=&#8221;1_2&#8243; _builder_version=&#8221;4.16&#8243; custom_padding=&#8221;40px||40px|&#8221; global_colors_info=&#8221;{}&#8221; custom_padding__hover=&#8221;|||&#8221;][et_pb_text _builder_version=&#8221;4.27.4&#8243; text_font=&#8221;&#8211;et_global_body_font||||||||&#8221; text_text_color=&#8221;#000000&#8243; text_font_size=&#8221;20px&#8221; text_line_height=&#8221;1.8em&#8221; header_font=&#8221;&#8211;et_global_heading_font|||on|||||&#8221; header_text_color=&#8221;gcid-primary-color&#8221; header_font_size=&#8221;25px&#8221; header_line_height=&#8221;1.5em&#8221; custom_margin=&#8221;|||&#8221; custom_padding=&#8221;|||&#8221; animation_style=&#8221;zoom&#8221; animation_direction=&#8221;left&#8221; animation_delay=&#8221;100ms&#8221; animation_intensity_zoom=&#8221;10%&#8221; global_colors_info=&#8221;{%22gcid-primary-color%22:%91%22header_text_color%22%93}&#8221;]<\/p>\n<h1>Por Qu\u00e9 Creamos Los Paquetes Bravenly<\/h1>\n<p>[\/et_pb_text][et_pb_text _builder_version=&#8221;4.27.4&#8243; text_font=&#8221;&#8211;et_global_body_font||||||||&#8221; text_text_color=&#8221;#000000&#8243; text_font_size=&#8221;18px&#8221; text_line_height=&#8221;1.8em&#8221; header_font=&#8221;||||||||&#8221; custom_margin=&#8221;|||&#8221; custom_padding=&#8221;|||&#8221; animation_style=&#8221;zoom&#8221; animation_direction=&#8221;left&#8221; animation_delay=&#8221;100ms&#8221; animation_intensity_zoom=&#8221;10%&#8221; locked=&#8221;off&#8221; global_colors_info=&#8221;{}&#8221;]<\/p>\n<p>Esto hace que combinar los productos perfectos sea mucho m\u00e1s f\u00e1cil y econ\u00f3mico para TI.<br \/>Cada paquete est\u00e1 personalizado seg\u00fan tus metas espec\u00edficas y lo que mejor se adapte a tu rutina y estilo de vida.<\/p>\n<p>Hemos emparejado algunas de las combinaciones de productos m\u00e1s populares de nuestros clientes m\u00e1s frecuentes, \u00a1para que sepas en qu\u00e9 combinaciones puedes confiar!<br \/>Por \u00faltimo, pero no menos importante, ajustamos la cantidad adecuada de porciones de producto que necesitas por paquete, para que tengas el suministro perfecto hasta que llegue el momento de volver a ordenar.<\/p>\n<p>[\/et_pb_text][et_pb_button button_url=&#8221;\/es\/packages-and-offers\/&#8221; button_text=&#8221;COMPRA TODOS LOS PAQUETES&#8221; button_alignment=&#8221;center&#8221; button_text_tablet=&#8221;COMPRA TODOS LOS PAQUETES&#8221; button_text_phone=&#8221;COMPRA TODOS LOS PAQUETES&#8221; button_text_last_edited=&#8221;on|phone&#8221; _builder_version=&#8221;4.27.4&#8243; _module_preset=&#8221;default&#8221; custom_button=&#8221;on&#8221; button_text_size=&#8221;18px&#8221; button_text_color=&#8221;#FFFFFF&#8221; button_bg_color=&#8221;gcid-primary-color&#8221; button_border_width=&#8221;2px&#8221; button_border_color=&#8221;gcid-body-color&#8221; button_font=&#8221;Lato||||||||&#8221; custom_margin=&#8221;10px|10px|10px|10px|false|false&#8221; custom_padding=&#8221;10px||10px||false|false&#8221; locked=&#8221;off&#8221; global_colors_info=&#8221;{%22gcid-body-color%22:%91%22button_border_color%22%93,%22gcid-primary-color%22:%91%22button_bg_color%22%93}&#8221;][\/et_pb_button][\/et_pb_column][et_pb_column type=&#8221;1_2&#8243; _builder_version=&#8221;4.27.4&#8243; _module_preset=&#8221;default&#8221; global_colors_info=&#8221;{}&#8221;][et_pb_image src=&#8221;https:\/\/d1jeyrxw15fk4e.cloudfront.net\/wp-content\/uploads\/2026\/01\/Transform-Duo-2.png&#8221; alt=&#8221;Transform Duo&#8221; title_text=&#8221;Transform Duo&#8221; align=&#8221;center&#8221; align_tablet=&#8221;center&#8221; align_phone=&#8221;center&#8221; align_last_edited=&#8221;on|desktop&#8221; _builder_version=&#8221;4.27.4&#8243; width=&#8221;90%&#8221; custom_margin=&#8221;|||&#8221; animation_style=&#8221;slide&#8221; animation_direction=&#8221;right&#8221; animation_intensity_slide=&#8221;4%&#8221; animation=&#8221;off&#8221; locked=&#8221;off&#8221; global_colors_info=&#8221;{}&#8221;][\/et_pb_image][\/et_pb_column][\/et_pb_row][\/et_pb_section][et_pb_section fb_built=&#8221;1&#8243; _builder_version=&#8221;4.16&#8243; _module_preset=&#8221;default&#8221; locked=&#8221;off&#8221; global_colors_info=&#8221;{}&#8221;][et_pb_row _builder_version=&#8221;4.16&#8243; _module_preset=&#8221;default&#8221; global_colors_info=&#8221;{}&#8221;][et_pb_column type=&#8221;4_4&#8243; _builder_version=&#8221;4.16&#8243; _module_preset=&#8221;default&#8221; global_colors_info=&#8221;{}&#8221;][et_pb_text _builder_version=&#8221;4.16&#8243; _module_preset=&#8221;default&#8221; text_font=&#8221;Lato||||||||&#8221; text_text_color=&#8221;#000000&#8243; text_font_size=&#8221;19px&#8221; border_width_all=&#8221;2px&#8221; global_colors_info=&#8221;{}&#8221;]\u2020Estas afirmaciones no han sido evaluadas por la Food and Drug Administration (FDA). Este producto no est\u00e1 destinado a diagnosticar, tratar, curar o prevenir ninguna enfermedad.[\/et_pb_text][\/et_pb_column][\/et_pb_row][\/et_pb_section]<\/p>\n","protected":false},"excerpt":{"rendered":"<p><div class=\"et_pb_module dica_divi_carousel dica_divi_carousel_0\">\n\t\t\t\t\n\t\t\t\t\n\t\t\t\t\n\t\t\t\t\n\t\t\t\t\n\t\t\t\t\n\t\t\t\t<div class=\"et_pb_module_inner\">\n\t\t\t\t\t<div class=\"dica-container  desktop_middle-inside tablet_middle-inside mobile_middle-inside\" data-props='{\"desktop\":\"1\",\"tablet\":\"1\",\"mobile\":\"1\",\"speed\":\"500\",\"arrow\":\"on\",\"dots\":\"off\",\"autoplay\":\"off\",\"autoSpeed\":\"1000\",\"loop\":\"on\",\"item_spacing\":\"30\",\"center_mode\":\"off\",\"slider_effec\":\"default\",\"cover_rotate\":\"50\",\"pause_onhover\":\"off\",\"multislide\":\"off\",\"cfshadow\":\"on\",\"order\":\"0\",\"lazyload\":\"off\",\"lazybefore\":\"off\",\"scroller_effect\":\"off\",\"autowidth\":\"off\",\"item_spacing_tablet\":\"30\",\"item_spacing_phone\":\"30\",\"scroller_speed\":\"4000\",\"hashNavigation\":\"off\",\"simulatetouch\":\"off\",\"allowtouchmove\":\"off\",\"slide_row\":\"1\",\"slide_row_tablet\":\"1\",\"slide_row_phone\":\"1\",\"keyboard\":\"off\",\"mousewheel\":\"off\",\"autoplay_viewport\":\"\"}'>\n\t\t\t\t\t\t\t \t<div class=\"swiper-container\" >\n\t\t\t\t\t\t\t\t\t<div class=\"swiper-wrapper\"><\/div>\t\n\t\t\t\t\t\t\t\t<\/div>\t\n\t\t\t\t\t\t\t\t<div class=\"swiper-buttton-container\"><div class=\"swiper-button-prev dica-prev-btn-0\" data-icon=\"4\"><\/div><div class=\"swiper-button-next dica-next-btn-0\" data-icon=\"5\"><\/div><\/div>\n\t\t\t\t\t\t\t\t\t\t\t\t\t\t\n\t\t\t\t\t\t\t<\/div>\n\t\t\t\t<\/div>\n\t\t\t<\/div><div class=\"et_pb_module dica_divi_carouselitem dica_divi_carouselitem_0\">\n\t\t\t\t\n\t\t\t\t\n\t\t\t\t\n\t\t\t\t\n\t\t\t\t\n\t\t\t\t\n\t\t\t\t<div class=\"et_pb_module_inner\">\n\t\t\t\t\t <div class=\"dica-item empty-content image_top\"   data-hash=\"dica_divi_carouselitem_0\">\n\t\t\t\t\t\t\t\t\t<div class=\"dica-image-container\"><span class=\"image\"><img decoding=\"async\" src=\"https:\/\/d1jeyrxw15fk4e.cloudfront.net\/wp-content\/uploads\/2026\/01\/Transform-Duo.png\" srcset=\"\" alt=\"product\" class=\"dica-item-image\" width=\"f\" height=\"u\"\/><\/span><\/div>\n\t\t\t\t\t\t\t\t\t\n\t\t\t\t\t\t\t<\/div>\n\t\t\t\t<\/div>\n\t\t\t<\/div><div class=\"et_pb_module dica_divi_carouselitem dica_divi_carouselitem_1\">\n\t\t\t\t\n\t\t\t\t\n\t\t\t\t\n\t\t\t\t\n\t\t\t\t\n\t\t\t\t\n\t\t\t\t<div class=\"et_pb_module_inner\">\n\t\t\t\t\t <div class=\"dica-item empty-content image_top\"   data-hash=\"dica_divi_carouselitem_1\">\n\t\t\t\t\t\t\t\t\t<div class=\"dica-image-container\"><span class=\"image\"><img decoding=\"async\" src=\"&#8221;https:\/\/d1jeyrxw15fk4e.cloudfront.net\/wp-content\/uploads\/2026\/01\/Transform-Duo-Vanilla.png&#8221;\" srcset=\"\" alt=\"&#8221;product&#8221;\" class=\"dica-item-image\" width=\"f\" height=\"u\"\/><\/span><\/div>\n\t\t\t\t\t\t\t\t\t\n\t\t\t\t\t\t\t<\/div>\n\t\t\t\t<\/div>\n\t\t\t<\/div><\/p>\n","protected":false},"author":191432657,"featured_media":0,"parent":0,"menu_order":0,"comment_status":"closed","ping_status":"closed","template":"","meta":{"_et_pb_use_builder":"on","_et_pb_old_content":"","_et_gb_content_width":"","_coblocks_attr":"","_coblocks_dimensions":"","_coblocks_responsive_height":"","_coblocks_accordion_ie_support":"","footnotes":""},"class_list":["post-41459","page","type-page","status-publish","hentry"],"_links":{"self":[{"href":"https:\/\/amykeough.bravenlyglobal.com\/es\/wp-json\/wp\/v2\/pages\/41459","targetHints":{"allow":["GET"]}}],"collection":[{"href":"https:\/\/amykeough.bravenlyglobal.com\/es\/wp-json\/wp\/v2\/pages"}],"about":[{"href":"https:\/\/amykeough.bravenlyglobal.com\/es\/wp-json\/wp\/v2\/types\/page"}],"author":[{"embeddable":true,"href":"https:\/\/amykeough.bravenlyglobal.com\/es\/wp-json\/wp\/v2\/users\/191432657"}],"replies":[{"embeddable":true,"href":"https:\/\/amykeough.bravenlyglobal.com\/es\/wp-json\/wp\/v2\/comments?post=41459"}],"version-history":[{"count":5,"href":"https:\/\/amykeough.bravenlyglobal.com\/es\/wp-json\/wp\/v2\/pages\/41459\/revisions"}],"predecessor-version":[{"id":44680,"href":"https:\/\/amykeough.bravenlyglobal.com\/es\/wp-json\/wp\/v2\/pages\/41459\/revisions\/44680"}],"wp:attachment":[{"href":"https:\/\/amykeough.bravenlyglobal.com\/es\/wp-json\/wp\/v2\/media?parent=41459"}],"curies":[{"name":"wp","href":"https:\/\/api.w.org\/{rel}","templated":true}]}}