{"id":37612,"date":"2025-11-14T12:48:51","date_gmt":"2025-11-14T17:48:51","guid":{"rendered":"\/?page_id=37612"},"modified":"2025-12-09T01:25:05","modified_gmt":"2025-12-09T06:25:05","slug":"shop-all-mood-cognition","status":"publish","type":"page","link":"\/es\/shop-all-mood-cognition\/","title":{"rendered":"SHOP ALL | MOOD &amp; COGNITION"},"content":{"rendered":"<p>[et_pb_section fb_built=&#8221;1&#8243; _builder_version=&#8221;4.16&#8243; _module_preset=&#8221;default&#8221; min_height=&#8221;92px&#8221; custom_padding=&#8221;||0px|||&#8221; locked=&#8221;off&#8221; global_colors_info=&#8221;{}&#8221;][\/et_pb_section][et_pb_section fb_built=&#8221;1&#8243; _builder_version=&#8221;4.27.4&#8243; _module_preset=&#8221;default&#8221; scroll_vertical_motion=&#8221;0|50|50|100|0.5|0|0&#8243; locked=&#8221;off&#8221; global_colors_info=&#8221;{}&#8221;][et_pb_row _builder_version=&#8221;4.27.4&#8243; _module_preset=&#8221;default&#8221; scroll_vertical_motion_enable=&#8221;on&#8221; scroll_vertical_motion=&#8221;0|50|50|100|0.5|0|-0.5&#8243; border_width_all=&#8221;2px&#8221; border_color_all=&#8221;gcid-primary-color&#8221; box_shadow_style=&#8221;preset3&#8243; box_shadow_vertical=&#8221;6px&#8221; global_colors_info=&#8221;{%22gcid-primary-color%22:%91%22border_color_all%22%93}&#8221;][et_pb_column type=&#8221;4_4&#8243; _builder_version=&#8221;4.16&#8243; _module_preset=&#8221;default&#8221; global_colors_info=&#8221;{}&#8221;][et_pb_text _builder_version=&#8221;4.27.4&#8243; _module_preset=&#8221;default&#8221; text_font=&#8221;Lato||||||||&#8221; text_text_color=&#8221;#000000&#8243; text_font_size=&#8221;18px&#8221; text_line_height=&#8221;1.5em&#8221; header_text_color=&#8221;#000000&#8243; header_font_size=&#8221;50px&#8221; text_orientation=&#8221;center&#8221; hover_enabled=&#8221;0&#8243; global_colors_info=&#8221;{}&#8221; sticky_enabled=&#8221;0&#8243;]<\/p>\n<h1 style=\"text-align: center;\">ESTADO DE \u00c1NIMO Y COGNICI\u00d3N<\/h1>\n<div style=\"width: 250px; height: 2px; background-color: #4a7c59; margin: 10px auto 20px auto;\"> <\/div>\n<p>Encuentra calma, concentraci\u00f3n y claridad con nuestros productos que apoyan la salud cerebral y el equilibrio emocional.\u2020<\/p>\n<p>[\/et_pb_text][\/et_pb_column][\/et_pb_row][\/et_pb_section][et_pb_section fb_built=&#8221;1&#8243; _builder_version=&#8221;4.16&#8243; _module_preset=&#8221;default&#8221; width=&#8221;100%&#8221; global_colors_info=&#8221;{}&#8221;][et_pb_row column_structure=&#8221;1_3,1_3,1_3&#8243; use_custom_gutter=&#8221;on&#8221; _builder_version=&#8221;4.27.4&#8243; _module_preset=&#8221;default&#8221; width=&#8221;90%&#8221; custom_margin=&#8221;50px||||false|false&#8221; custom_padding=&#8221;14px||||false|false&#8221; global_colors_info=&#8221;{}&#8221;][et_pb_column type=&#8221;1_3&#8243; _builder_version=&#8221;4.27.4&#8243; _module_preset=&#8221;default&#8221; global_colors_info=&#8221;{}&#8221;][et_pb_image src=&#8221;\/wp-content\/uploads\/2025\/03\/Balance_-Parent.jpg&#8221; title_text=&#8221;Balance_ Parent&#8221; url=&#8221;\/es\/bravenly-balance\/&#8221; use_overlay=&#8221;on&#8221; overlay_icon_color=&#8221;#55876a&#8221; hover_overlay_color=&#8221;rgba(255,255,255,0.43)&#8221; hover_icon=&#8221;&#x4c;||divi||400&#8243; _builder_version=&#8221;4.27.4&#8243; _module_preset=&#8221;default&#8221; animation_style=&#8221;zoom&#8221; border_color_all=&#8221;#f9f9f9&#8243; box_shadow_style=&#8221;preset1&#8243; global_colors_info=&#8221;{}&#8221;][\/et_pb_image][et_pb_text _builder_version=&#8221;4.16&#8243; _module_preset=&#8221;default&#8221; text_font=&#8221;Lato||||||||&#8221; text_text_color=&#8221;#000000&#8243; text_font_size=&#8221;18px&#8221; text_line_height=&#8221;1.5em&#8221; text_orientation=&#8221;center&#8221; custom_margin=&#8221;||57px||false|false&#8221; global_colors_info=&#8221;{}&#8221;]<\/p>\n<p>BALANCE<\/p>\n<p>[\/et_pb_text][et_pb_button button_url=&#8221;\/es\/bravenly-balance\/&#8221; button_text=&#8221;Ver detalles&#8221; button_alignment=&#8221;center&#8221; _builder_version=&#8221;4.16&#8243; _module_preset=&#8221;default&#8221; custom_button=&#8221;on&#8221; button_text_size=&#8221;14px&#8221; button_text_color=&#8221;#ffffff&#8221; button_bg_color=&#8221;#000000&#8243; button_border_color=&#8221;#ffffff&#8221; button_font=&#8221;Lato||||||||&#8221; button_icon_color=&#8221;#ffffff&#8221; global_colors_info=&#8221;{}&#8221;][\/et_pb_button][\/et_pb_column][et_pb_column type=&#8221;1_3&#8243; _builder_version=&#8221;4.27.4&#8243; _module_preset=&#8221;default&#8221; global_colors_info=&#8221;{}&#8221;][et_pb_image src=&#8221;\/wp-content\/uploads\/2025\/03\/BREW-X-Parent.jpg&#8221; title_text=&#8221;BREW X Parent&#8221; url=&#8221;\/es\/bravenly-brew-extreme\/&#8221; use_overlay=&#8221;on&#8221; overlay_icon_color=&#8221;#55876a&#8221; hover_overlay_color=&#8221;rgba(255,255,255,0.43)&#8221; hover_icon=&#8221;&#x4c;||divi||400&#8243; _builder_version=&#8221;4.27.4&#8243; _module_preset=&#8221;default&#8221; animation_style=&#8221;zoom&#8221; border_color_all=&#8221;#f9f9f9&#8243; box_shadow_style=&#8221;preset1&#8243; global_colors_info=&#8221;{}&#8221;][\/et_pb_image][et_pb_text _builder_version=&#8221;4.16&#8243; _module_preset=&#8221;default&#8221; text_font=&#8221;Lato||||||||&#8221; text_text_color=&#8221;#000000&#8243; text_font_size=&#8221;18px&#8221; text_line_height=&#8221;1.5em&#8221; text_orientation=&#8221;center&#8221; custom_margin=&#8221;||57px||false|false&#8221; global_colors_info=&#8221;{}&#8221;]<\/p>\n<p>BREW EXTREME<\/p>\n<p>[\/et_pb_text][et_pb_button button_url=&#8221;\/es\/bravenly-brew-extreme\/&#8221; button_text=&#8221;Ver detalles&#8221; button_alignment=&#8221;center&#8221; _builder_version=&#8221;4.27.4&#8243; _module_preset=&#8221;default&#8221; custom_button=&#8221;on&#8221; button_text_size=&#8221;14px&#8221; button_text_color=&#8221;#ffffff&#8221; button_bg_color=&#8221;#000000&#8243; button_border_color=&#8221;#ffffff&#8221; button_font=&#8221;Lato||||||||&#8221; button_icon_color=&#8221;#ffffff&#8221; global_colors_info=&#8221;{}&#8221;][\/et_pb_button][\/et_pb_column][et_pb_column type=&#8221;1_3&#8243; _builder_version=&#8221;4.27.4&#8243; _module_preset=&#8221;default&#8221; global_colors_info=&#8221;{}&#8221;][et_pb_image src=&#8221;\/wp-content\/uploads\/2025\/02\/HYDRATE_-LL.jpg&#8221; title_text=&#8221;HYDRATE_ LL&#8221; url=&#8221;\/es\/bravenly-hydrate-lemon-lime\/&#8221; use_overlay=&#8221;on&#8221; overlay_icon_color=&#8221;#55876a&#8221; hover_overlay_color=&#8221;rgba(255,255,255,0.43)&#8221; hover_icon=&#8221;&#x4c;||divi||400&#8243; _builder_version=&#8221;4.27.4&#8243; _module_preset=&#8221;default&#8221; animation_style=&#8221;zoom&#8221; border_color_all=&#8221;#f9f9f9&#8243; box_shadow_style=&#8221;preset1&#8243; global_colors_info=&#8221;{}&#8221;][\/et_pb_image][et_pb_text _builder_version=&#8221;4.27.4&#8243; _module_preset=&#8221;default&#8221; text_font=&#8221;Lato||||||||&#8221; text_text_color=&#8221;#000000&#8243; text_font_size=&#8221;18px&#8221; text_line_height=&#8221;1.5em&#8221; text_orientation=&#8221;center&#8221; custom_margin=&#8221;||41px||false|false&#8221; global_colors_info=&#8221;{}&#8221;]<\/p>\n<p>HYDRATE &#8211; Lemon Lime<\/p>\n<p>[\/et_pb_text][et_pb_button button_url=&#8221;\/es\/bravenly-hydrate-lemon-lime\/&#8221; button_text=&#8221;Ver detalles&#8221; button_alignment=&#8221;center&#8221; _builder_version=&#8221;4.27.4&#8243; _module_preset=&#8221;default&#8221; custom_button=&#8221;on&#8221; button_text_size=&#8221;14px&#8221; button_text_color=&#8221;#ffffff&#8221; button_bg_color=&#8221;#000000&#8243; button_border_color=&#8221;#ffffff&#8221; button_font=&#8221;Lato||||||||&#8221; button_icon_color=&#8221;#ffffff&#8221; custom_margin=&#8221;||||false|false&#8221; custom_padding=&#8221;||3px||false|false&#8221; global_colors_info=&#8221;{}&#8221;][\/et_pb_button][\/et_pb_column][\/et_pb_row][et_pb_row column_structure=&#8221;1_3,1_3,1_3&#8243; use_custom_gutter=&#8221;on&#8221; _builder_version=&#8221;4.27.4&#8243; _module_preset=&#8221;default&#8221; width=&#8221;90%&#8221; custom_margin=&#8221;50px||||false|false&#8221; custom_padding=&#8221;14px||||false|false&#8221; global_colors_info=&#8221;{}&#8221;][et_pb_column type=&#8221;1_3&#8243; _builder_version=&#8221;4.27.4&#8243; _module_preset=&#8221;default&#8221; global_colors_info=&#8221;{}&#8221;][et_pb_image src=&#8221;\/wp-content\/uploads\/2025\/02\/HYDRATE_-MY.jpg&#8221; title_text=&#8221;HYDRATE_ MY&#8221; url=&#8221;\/es\/bravenly-hydrate-mango-yuzu\/&#8221; use_overlay=&#8221;on&#8221; overlay_icon_color=&#8221;#55876a&#8221; hover_overlay_color=&#8221;rgba(255,255,255,0.43)&#8221; hover_icon=&#8221;&#x4c;||divi||400&#8243; _builder_version=&#8221;4.27.4&#8243; _module_preset=&#8221;default&#8221; animation_style=&#8221;zoom&#8221; border_color_all=&#8221;#f9f9f9&#8243; box_shadow_style=&#8221;preset1&#8243; global_colors_info=&#8221;{}&#8221;][\/et_pb_image][et_pb_text _builder_version=&#8221;4.27.0&#8243; _module_preset=&#8221;default&#8221; text_font=&#8221;Lato||||||||&#8221; text_text_color=&#8221;#000000&#8243; text_font_size=&#8221;18px&#8221; text_line_height=&#8221;1.5em&#8221; text_orientation=&#8221;center&#8221; custom_margin=&#8221;||41px||false|false&#8221; global_colors_info=&#8221;{}&#8221;]<\/p>\n<p>HYDRATE &#8211; Mango Yuzu<\/p>\n<p>[\/et_pb_text][et_pb_button button_url=&#8221;\/es\/bravenly-hydrate-mango-yuzu\/&#8221; button_text=&#8221;Ver detalles&#8221; button_alignment=&#8221;center&#8221; _builder_version=&#8221;4.27.0&#8243; _module_preset=&#8221;default&#8221; custom_button=&#8221;on&#8221; button_text_size=&#8221;14px&#8221; button_text_color=&#8221;#ffffff&#8221; button_bg_color=&#8221;#000000&#8243; button_border_color=&#8221;#ffffff&#8221; button_font=&#8221;Lato||||||||&#8221; button_icon_color=&#8221;#ffffff&#8221; custom_margin=&#8221;||||false|false&#8221; custom_padding=&#8221;||3px||false|false&#8221; global_colors_info=&#8221;{}&#8221;][\/et_pb_button][\/et_pb_column][et_pb_column type=&#8221;1_3&#8243; _builder_version=&#8221;4.27.4&#8243; _module_preset=&#8221;default&#8221; global_colors_info=&#8221;{}&#8221;][et_pb_image src=&#8221;\/wp-content\/uploads\/2025\/02\/HYDRATE_-SK.jpg&#8221; title_text=&#8221;HYDRATE_ SK&#8221; url=&#8221;\/es\/bravenly-hydrate-strawberry-kiwi\/&#8221; use_overlay=&#8221;on&#8221; overlay_icon_color=&#8221;#55876a&#8221; hover_overlay_color=&#8221;rgba(255,255,255,0.43)&#8221; hover_icon=&#8221;&#x4c;||divi||400&#8243; _builder_version=&#8221;4.27.4&#8243; _module_preset=&#8221;default&#8221; animation_style=&#8221;zoom&#8221; border_color_all=&#8221;#f9f9f9&#8243; box_shadow_style=&#8221;preset1&#8243; global_colors_info=&#8221;{}&#8221;][\/et_pb_image][et_pb_text _builder_version=&#8221;4.27.0&#8243; _module_preset=&#8221;default&#8221; text_font=&#8221;Lato||||||||&#8221; text_text_color=&#8221;#000000&#8243; text_font_size=&#8221;18px&#8221; text_line_height=&#8221;1.5em&#8221; text_orientation=&#8221;center&#8221; custom_margin=&#8221;||41px||false|false&#8221; global_colors_info=&#8221;{}&#8221;]<\/p>\n<p>HYDRATE &#8211; Strawberry Kiwi<\/p>\n<p>[\/et_pb_text][et_pb_button button_url=&#8221;\/es\/bravenly-hydrate-strawberry-kiwi\/&#8221; button_text=&#8221;Ver detalles&#8221; button_alignment=&#8221;center&#8221; _builder_version=&#8221;4.27.0&#8243; _module_preset=&#8221;default&#8221; custom_button=&#8221;on&#8221; button_text_size=&#8221;14px&#8221; button_text_color=&#8221;#ffffff&#8221; button_bg_color=&#8221;#000000&#8243; button_border_color=&#8221;#ffffff&#8221; button_font=&#8221;Lato||||||||&#8221; button_icon_color=&#8221;#ffffff&#8221; custom_margin=&#8221;||||false|false&#8221; custom_padding=&#8221;||3px||false|false&#8221; global_colors_info=&#8221;{}&#8221;][\/et_pb_button][\/et_pb_column][et_pb_column type=&#8221;1_3&#8243; _builder_version=&#8221;4.27.4&#8243; _module_preset=&#8221;default&#8221; global_colors_info=&#8221;{}&#8221;][et_pb_image src=&#8221;\/wp-content\/uploads\/2023\/05\/Blue-Rush.png&#8221; title_text=&#8221;Blue-Rush&#8221; url=&#8221;\/es\/blue-raspberry-rush\/&#8221; use_overlay=&#8221;on&#8221; overlay_icon_color=&#8221;#55876a&#8221; hover_overlay_color=&#8221;rgba(255,255,255,0.43)&#8221; hover_icon=&#8221;&#x4c;||divi||400&#8243; align=&#8221;center&#8221; src_tablet=&#8221;\/wp-content\/uploads\/2023\/05\/Blue-Rush.png&#8221; src_phone=&#8221;\/wp-content\/uploads\/2023\/05\/Blue-Rush.png&#8221; src_last_edited=&#8221;on|phone&#8221; _builder_version=&#8221;4.27.4&#8243; _module_preset=&#8221;default&#8221; max_width=&#8221;100%&#8221; module_alignment=&#8221;center&#8221; height_tablet=&#8221;&#8221; height_phone=&#8221;&#8221; height_last_edited=&#8221;on|phone&#8221; animation_style=&#8221;zoom&#8221; border_color_all=&#8221;#f9f9f9&#8243; box_shadow_style=&#8221;preset1&#8243; global_colors_info=&#8221;{}&#8221;][\/et_pb_image][et_pb_text _builder_version=&#8221;4.23.2&#8243; _module_preset=&#8221;default&#8221; text_font=&#8221;Lato||||||||&#8221; text_text_color=&#8221;#000000&#8243; text_font_size=&#8221;18px&#8221; text_line_height=&#8221;1.5em&#8221; text_orientation=&#8221;center&#8221; global_colors_info=&#8221;{}&#8221;]<\/p>\n<p>RUSH &#8211; Blue Raspberry<\/p>\n<p>[\/et_pb_text][et_pb_button button_url=&#8221;\/es\/blue-raspberry-rush\/&#8221; button_text=&#8221;Ver detalles&#8221; button_alignment=&#8221;center&#8221; _builder_version=&#8221;4.16&#8243; _module_preset=&#8221;default&#8221; custom_button=&#8221;on&#8221; button_text_size=&#8221;14px&#8221; button_text_color=&#8221;#ffffff&#8221; button_bg_color=&#8221;#000000&#8243; button_border_color=&#8221;#ffffff&#8221; button_font=&#8221;Lato||||||||&#8221; button_icon_color=&#8221;#ffffff&#8221; global_colors_info=&#8221;{}&#8221;][\/et_pb_button][\/et_pb_column][\/et_pb_row][et_pb_row column_structure=&#8221;1_3,1_3,1_3&#8243; use_custom_gutter=&#8221;on&#8221; _builder_version=&#8221;4.27.4&#8243; _module_preset=&#8221;default&#8221; width=&#8221;90%&#8221; custom_margin=&#8221;50px||||false|false&#8221; custom_padding=&#8221;14px||||false|false&#8221; global_colors_info=&#8221;{}&#8221;][et_pb_column type=&#8221;1_3&#8243; _builder_version=&#8221;4.27.4&#8243; _module_preset=&#8221;default&#8221; global_colors_info=&#8221;{}&#8221;][et_pb_image src=&#8221;\/wp-content\/uploads\/2023\/05\/Red-Rush.png&#8221; title_text=&#8221;Red-Rush&#8221; url=&#8221;\/es\/bravenly-strawberry-rush\/&#8221; use_overlay=&#8221;on&#8221; overlay_icon_color=&#8221;#55876a&#8221; hover_overlay_color=&#8221;rgba(255,255,255,0.43)&#8221; hover_icon=&#8221;&#x4c;||divi||400&#8243; align=&#8221;center&#8221; src_tablet=&#8221;\/wp-content\/uploads\/2023\/05\/Red-Rush.png&#8221; src_phone=&#8221;\/wp-content\/uploads\/2023\/05\/Red-Rush.png&#8221; src_last_edited=&#8221;on|phone&#8221; _builder_version=&#8221;4.27.4&#8243; _module_preset=&#8221;default&#8221; max_width=&#8221;100%&#8221; module_alignment=&#8221;center&#8221; height_tablet=&#8221;&#8221; height_phone=&#8221;&#8221; height_last_edited=&#8221;on|phone&#8221; animation_style=&#8221;zoom&#8221; border_color_all=&#8221;#f9f9f9&#8243; box_shadow_style=&#8221;preset1&#8243; global_colors_info=&#8221;{}&#8221;][\/et_pb_image][et_pb_text _builder_version=&#8221;4.16&#8243; _module_preset=&#8221;default&#8221; text_font=&#8221;Lato||||||||&#8221; text_text_color=&#8221;#000000&#8243; text_font_size=&#8221;18px&#8221; text_line_height=&#8221;1.5em&#8221; text_orientation=&#8221;center&#8221; custom_margin=&#8221;||35px||false|false&#8221; global_colors_info=&#8221;{}&#8221;]<\/p>\n<p>RUSH &#8211; Tropical Strawberry<\/p>\n<p>[\/et_pb_text][et_pb_button button_url=&#8221;\/es\/bravenly-strawberry-rush\/&#8221; button_text=&#8221;Ver detalles&#8221; button_alignment=&#8221;center&#8221; _builder_version=&#8221;4.16&#8243; _module_preset=&#8221;default&#8221; custom_button=&#8221;on&#8221; button_text_size=&#8221;14px&#8221; button_text_color=&#8221;#ffffff&#8221; button_bg_color=&#8221;#000000&#8243; button_border_color=&#8221;#ffffff&#8221; button_font=&#8221;Lato||||||||&#8221; button_icon_color=&#8221;#ffffff&#8221; global_colors_info=&#8221;{}&#8221;][\/et_pb_button][\/et_pb_column][et_pb_column type=&#8221;1_3&#8243; _builder_version=&#8221;4.27.4&#8243; _module_preset=&#8221;default&#8221; global_colors_info=&#8221;{}&#8221;][et_pb_image src=&#8221;\/wp-content\/uploads\/2023\/06\/Pina-Rush-Ex-1.png&#8221; title_text=&#8221;Pina-Rush-Ex&#8221; url=&#8221;\/es\/bravenly-rush-extreme\/&#8221; use_overlay=&#8221;on&#8221; overlay_icon_color=&#8221;#55876a&#8221; hover_overlay_color=&#8221;rgba(255,255,255,0.43)&#8221; hover_icon=&#8221;&#x4c;||divi||400&#8243; align=&#8221;center&#8221; src_tablet=&#8221;\/wp-content\/uploads\/2023\/06\/Pina-Rush-Ex.png&#8221; src_phone=&#8221;\/wp-content\/uploads\/2023\/06\/Pina-Rush-Ex-1.png&#8221; src_last_edited=&#8221;on|phone&#8221; _builder_version=&#8221;4.27.4&#8243; _module_preset=&#8221;default&#8221; max_width=&#8221;100%&#8221; module_alignment=&#8221;center&#8221; height_tablet=&#8221;&#8221; height_phone=&#8221;&#8221; height_last_edited=&#8221;on|phone&#8221; animation_style=&#8221;zoom&#8221; border_color_all=&#8221;#f9f9f9&#8243; box_shadow_style=&#8221;preset1&#8243; global_colors_info=&#8221;{}&#8221;][\/et_pb_image][et_pb_text _builder_version=&#8221;4.16&#8243; _module_preset=&#8221;default&#8221; text_font=&#8221;Lato||||||||&#8221; text_text_color=&#8221;#000000&#8243; text_font_size=&#8221;18px&#8221; text_line_height=&#8221;1.5em&#8221; text_orientation=&#8221;center&#8221; custom_margin=&#8221;||41px||false|false&#8221; global_colors_info=&#8221;{}&#8221;]<\/p>\n<p>RUSH EXTREME &#8211; Pi\u00f1a Colada<\/p>\n<p>[\/et_pb_text][et_pb_button button_url=&#8221;\/es\/bravenly-rush-extreme\/&#8221; button_text=&#8221;Ver detalles&#8221; button_alignment=&#8221;center&#8221; _builder_version=&#8221;4.16&#8243; _module_preset=&#8221;default&#8221; custom_button=&#8221;on&#8221; button_text_size=&#8221;14px&#8221; button_text_color=&#8221;#ffffff&#8221; button_bg_color=&#8221;#000000&#8243; button_border_color=&#8221;#ffffff&#8221; button_font=&#8221;Lato||||||||&#8221; button_icon_color=&#8221;#ffffff&#8221; global_colors_info=&#8221;{}&#8221;][\/et_pb_button][\/et_pb_column][et_pb_column type=&#8221;1_3&#8243; _builder_version=&#8221;4.27.4&#8243; _module_preset=&#8221;default&#8221; global_colors_info=&#8221;{}&#8221;][et_pb_image src=&#8221;\/wp-content\/uploads\/2023\/09\/Grape-Rush-Ex.png&#8221; title_text=&#8221;Grape-Rush-Ex&#8221; url=&#8221;\/es\/bravenly-rush-extreme-grape\/&#8221; use_overlay=&#8221;on&#8221; overlay_icon_color=&#8221;#55876a&#8221; hover_overlay_color=&#8221;rgba(255,255,255,0.43)&#8221; hover_icon=&#8221;&#x4c;||divi||400&#8243; align=&#8221;center&#8221; src_tablet=&#8221;\/wp-content\/uploads\/2023\/09\/Grape-Rush-Ex.png&#8221; src_phone=&#8221;\/wp-content\/uploads\/2023\/09\/Grape-Rush-Ex.png&#8221; src_last_edited=&#8221;on|phone&#8221; _builder_version=&#8221;4.27.4&#8243; _module_preset=&#8221;default&#8221; max_width=&#8221;100%&#8221; module_alignment=&#8221;center&#8221; height_tablet=&#8221;&#8221; height_phone=&#8221;&#8221; height_last_edited=&#8221;on|phone&#8221; animation_style=&#8221;zoom&#8221; border_color_all=&#8221;#f9f9f9&#8243; box_shadow_style=&#8221;preset1&#8243; global_colors_info=&#8221;{}&#8221;][\/et_pb_image][et_pb_text _builder_version=&#8221;4.16&#8243; _module_preset=&#8221;default&#8221; text_font=&#8221;Lato||||||||&#8221; text_text_color=&#8221;#000000&#8243; text_font_size=&#8221;18px&#8221; text_line_height=&#8221;1.5em&#8221; text_orientation=&#8221;center&#8221; custom_margin=&#8221;||41px||false|false&#8221; global_colors_info=&#8221;{}&#8221;]<\/p>\n<p>RUSH EXTREME &#8211; Grape<\/p>\n<p>[\/et_pb_text][et_pb_button button_url=&#8221;\/es\/bravenly-rush-extreme-grape\/&#8221; button_text=&#8221;Ver detalles&#8221; button_alignment=&#8221;center&#8221; _builder_version=&#8221;4.16&#8243; _module_preset=&#8221;default&#8221; custom_button=&#8221;on&#8221; button_text_size=&#8221;14px&#8221; button_text_color=&#8221;#ffffff&#8221; button_bg_color=&#8221;#000000&#8243; button_border_color=&#8221;#ffffff&#8221; button_font=&#8221;Lato||||||||&#8221; button_icon_color=&#8221;#ffffff&#8221; global_colors_info=&#8221;{}&#8221;][\/et_pb_button][\/et_pb_column][\/et_pb_row][et_pb_row column_structure=&#8221;1_3,1_3,1_3&#8243; use_custom_gutter=&#8221;on&#8221; _builder_version=&#8221;4.27.4&#8243; _module_preset=&#8221;default&#8221; width=&#8221;90%&#8221; global_colors_info=&#8221;{}&#8221;][et_pb_column type=&#8221;1_3&#8243; _builder_version=&#8221;4.16&#8243; _module_preset=&#8221;default&#8221; global_colors_info=&#8221;{}&#8221;][et_pb_image src=&#8221;\/wp-content\/uploads\/2025\/01\/Adapt.jpg&#8221; title_text=&#8221;Adapt&#8221; url=&#8221;\/es\/bravenly-adapt\/&#8221; use_overlay=&#8221;on&#8221; overlay_icon_color=&#8221;#55876a&#8221; hover_overlay_color=&#8221;rgba(255,255,255,0.43)&#8221; hover_icon=&#8221;&#x4c;||divi||400&#8243; _builder_version=&#8221;4.27.4&#8243; _module_preset=&#8221;default&#8221; animation_style=&#8221;zoom&#8221; border_color_all=&#8221;#f9f9f9&#8243; box_shadow_style=&#8221;preset1&#8243; global_colors_info=&#8221;{}&#8221;][\/et_pb_image][et_pb_text _builder_version=&#8221;4.27.4&#8243; _module_preset=&#8221;default&#8221; text_font=&#8221;Lato||||||||&#8221; text_text_color=&#8221;#000000&#8243; text_font_size=&#8221;18px&#8221; text_line_height=&#8221;1.5em&#8221; text_orientation=&#8221;center&#8221; global_colors_info=&#8221;{}&#8221;]<\/p>\n<p>ADAPT<\/p>\n<p>[\/et_pb_text][et_pb_button button_url=&#8221;\/es\/bravenly-adapt\/&#8221; button_text=&#8221;Ver detalles&#8221; button_alignment=&#8221;center&#8221; _builder_version=&#8221;4.27.4&#8243; _module_preset=&#8221;default&#8221; custom_button=&#8221;on&#8221; button_text_size=&#8221;14px&#8221; button_text_color=&#8221;#ffffff&#8221; button_bg_color=&#8221;#000000&#8243; button_border_color=&#8221;#ffffff&#8221; button_font=&#8221;Lato||||||||&#8221; button_icon_color=&#8221;#ffffff&#8221; global_colors_info=&#8221;{}&#8221;][\/et_pb_button][\/et_pb_column][et_pb_column type=&#8221;1_3&#8243; _builder_version=&#8221;4.27.4&#8243; _module_preset=&#8221;default&#8221; global_colors_info=&#8221;{}&#8221;][et_pb_image src=&#8221;\/wp-content\/uploads\/2024\/06\/Calm.jpg&#8221; title_text=&#8221;Calm&#8221; url=&#8221;\/es\/bravenly-calm\/&#8221; use_overlay=&#8221;on&#8221; overlay_icon_color=&#8221;#55876a&#8221; hover_overlay_color=&#8221;rgba(255,255,255,0.43)&#8221; hover_icon=&#8221;&#x4c;||divi||400&#8243; _builder_version=&#8221;4.25.0&#8243; _module_preset=&#8221;default&#8221; animation_style=&#8221;zoom&#8221; border_color_all=&#8221;#f9f9f9&#8243; box_shadow_style=&#8221;preset1&#8243; global_colors_info=&#8221;{}&#8221;][\/et_pb_image][et_pb_text _builder_version=&#8221;4.16&#8243; _module_preset=&#8221;default&#8221; text_font=&#8221;Lato||||||||&#8221; text_text_color=&#8221;#000000&#8243; text_font_size=&#8221;18px&#8221; text_line_height=&#8221;1.5em&#8221; text_orientation=&#8221;center&#8221; global_colors_info=&#8221;{}&#8221;]<\/p>\n<p>CALM<\/p>\n<p>[\/et_pb_text][et_pb_button button_url=&#8221;\/es\/bravenly-calm\/&#8221; button_text=&#8221;Ver detalles&#8221; button_alignment=&#8221;center&#8221; _builder_version=&#8221;4.16&#8243; _module_preset=&#8221;default&#8221; custom_button=&#8221;on&#8221; button_text_size=&#8221;14px&#8221; button_text_color=&#8221;#ffffff&#8221; button_bg_color=&#8221;#000000&#8243; button_border_color=&#8221;#ffffff&#8221; button_font=&#8221;Lato||||||||&#8221; button_icon_color=&#8221;#ffffff&#8221; global_colors_info=&#8221;{}&#8221;][\/et_pb_button][\/et_pb_column][et_pb_column type=&#8221;1_3&#8243; _builder_version=&#8221;4.27.4&#8243; _module_preset=&#8221;default&#8221; global_colors_info=&#8221;{}&#8221;][et_pb_image src=&#8221;\/wp-content\/uploads\/2025\/02\/IGNITE-1.jpg&#8221; title_text=&#8221;IGNITE (1)&#8221; url=&#8221;\/es\/bravenly-ignite\/&#8221; align=&#8221;center&#8221; src_tablet=&#8221;\/wp-content\/uploads\/2025\/02\/IGNITE-BOTH.png&#8221; src_phone=&#8221;\/wp-content\/uploads\/2025\/02\/IGNITE-1.jpg&#8221; src_last_edited=&#8221;on|phone&#8221; _builder_version=&#8221;4.27.4&#8243; _module_preset=&#8221;default&#8221; max_width=&#8221;100%&#8221; module_alignment=&#8221;center&#8221; height_tablet=&#8221;&#8221; height_phone=&#8221;&#8221; height_last_edited=&#8221;on|phone&#8221; animation_style=&#8221;zoom&#8221; border_color_all=&#8221;#f9f9f9&#8243; box_shadow_style=&#8221;preset1&#8243; global_colors_info=&#8221;{}&#8221;][\/et_pb_image][et_pb_text _builder_version=&#8221;4.16&#8243; _module_preset=&#8221;default&#8221; text_font=&#8221;Lato||||||||&#8221; text_text_color=&#8221;#000000&#8243; text_font_size=&#8221;18px&#8221; text_line_height=&#8221;1.5em&#8221; text_orientation=&#8221;center&#8221; global_colors_info=&#8221;{}&#8221;]<\/p>\n<p>IGNITE<\/p>\n<p>[\/et_pb_text][et_pb_button button_url=&#8221;\/es\/bravenly-ignite\/&#8221; button_text=&#8221;Ver detalles&#8221; button_alignment=&#8221;center&#8221; _builder_version=&#8221;4.23.2&#8243; _module_preset=&#8221;default&#8221; custom_button=&#8221;on&#8221; button_text_size=&#8221;14px&#8221; button_text_color=&#8221;#ffffff&#8221; button_bg_color=&#8221;#000000&#8243; button_border_color=&#8221;#ffffff&#8221; button_font=&#8221;Lato||||||||&#8221; button_icon_color=&#8221;#ffffff&#8221; global_colors_info=&#8221;{}&#8221;][\/et_pb_button][\/et_pb_column][\/et_pb_row][\/et_pb_section][et_pb_section fb_built=&#8221;1&#8243; _builder_version=&#8221;4.16&#8243; _module_preset=&#8221;default&#8221; global_colors_info=&#8221;{}&#8221;][\/et_pb_section]<\/p>\n","protected":false},"excerpt":{"rendered":"<p>ESTADO DE \u00c1NIMO Y COGNICI\u00d3N Encuentra calma, concentraci\u00f3n y claridad con nuestros productos que apoyan la salud cerebral y el equilibrio emocional.\u2020BALANCEBREW EXTREMEHYDRATE &#8211; Lemon LimeHYDRATE &#8211; Mango YuzuHYDRATE &#8211; Strawberry KiwiRUSH &#8211; Blue RaspberryRUSH &#8211; Tropical StrawberryRUSH EXTREME &#8211; Pi\u00f1a ColadaRUSH EXTREME &#8211; GrapeADAPTCALMIGNITE<\/p>\n","protected":false},"author":191432657,"featured_media":0,"parent":0,"menu_order":0,"comment_status":"closed","ping_status":"closed","template":"","meta":{"_et_pb_use_builder":"on","_et_pb_old_content":"","_et_gb_content_width":"","_coblocks_attr":"","_coblocks_dimensions":"","_coblocks_responsive_height":"","_coblocks_accordion_ie_support":"","footnotes":""},"class_list":["post-37612","page","type-page","status-publish","hentry"],"_links":{"self":[{"href":"https:\/\/amykeough.bravenlyglobal.com\/es\/wp-json\/wp\/v2\/pages\/37612","targetHints":{"allow":["GET"]}}],"collection":[{"href":"https:\/\/amykeough.bravenlyglobal.com\/es\/wp-json\/wp\/v2\/pages"}],"about":[{"href":"https:\/\/amykeough.bravenlyglobal.com\/es\/wp-json\/wp\/v2\/types\/page"}],"author":[{"embeddable":true,"href":"https:\/\/amykeough.bravenlyglobal.com\/es\/wp-json\/wp\/v2\/users\/191432657"}],"replies":[{"embeddable":true,"href":"https:\/\/amykeough.bravenlyglobal.com\/es\/wp-json\/wp\/v2\/comments?post=37612"}],"version-history":[{"count":5,"href":"https:\/\/amykeough.bravenlyglobal.com\/es\/wp-json\/wp\/v2\/pages\/37612\/revisions"}],"predecessor-version":[{"id":37620,"href":"https:\/\/amykeough.bravenlyglobal.com\/es\/wp-json\/wp\/v2\/pages\/37612\/revisions\/37620"}],"wp:attachment":[{"href":"https:\/\/amykeough.bravenlyglobal.com\/es\/wp-json\/wp\/v2\/media?parent=37612"}],"curies":[{"name":"wp","href":"https:\/\/api.w.org\/{rel}","templated":true}]}}