{"id":15443,"date":"2024-01-09T14:13:36","date_gmt":"2024-01-09T19:13:36","guid":{"rendered":"\/cliente-vip\/"},"modified":"2025-07-23T11:33:41","modified_gmt":"2025-07-23T15:33:41","slug":"vip-customer","status":"publish","type":"page","link":"\/es\/vip-customer\/","title":{"rendered":"Cliente VIP"},"content":{"rendered":"<p>[et_pb_section fb_built=&#8221;1&#8243; admin_label=&#8221;Hero&#8221; _builder_version=&#8221;4.25.0&#8243; background_color=&#8221;#ffffff&#8221; background_image=&#8221;\/wp-content\/uploads\/2024\/01\/Untitled-design-7.png&#8221; parallax=&#8221;on&#8221; min_height=&#8221;663px&#8221; custom_margin=&#8221;||0px|||&#8221; custom_padding=&#8221;265px||3vw|||&#8221; link_option_url=&#8221;https:\/\/shop.bydesign.com\/Bravenly\/#\/shop\/detail\/VIPMEMBERSHIP\/from\/A5797007&#8221; background_last_edited=&#8221;on|desktop&#8221; background_image_tablet=&#8221;\/wp-content\/uploads\/2024\/01\/Untitled-design-4.png&#8221; background_enable_image_tablet=&#8221;on&#8221; parallax_phone=&#8221;off&#8221; locked=&#8221;off&#8221; global_colors_info=&#8221;{}&#8221;][et_pb_row _builder_version=&#8221;4.16&#8243; background_size=&#8221;initial&#8221; background_position=&#8221;top_left&#8221; background_repeat=&#8221;repeat&#8221; custom_padding=&#8221;0px||||false|false&#8221; global_colors_info=&#8221;{}&#8221;][et_pb_column type=&#8221;4_4&#8243; _builder_version=&#8221;4.16&#8243; background_enable_image=&#8221;off&#8221; background_size=&#8221;contain&#8221; custom_padding=&#8221;|||&#8221; global_colors_info=&#8221;{}&#8221; custom_padding__hover=&#8221;|||&#8221;][et_pb_cta title=&#8221;CLIENTE VIP&#8221; button_url=&#8221;https:\/\/shop.bydesign.com\/Bravenly\/#\/shop\/detail\/VIPMEMBERSHIP\/from\/A5797007&#8221; url_new_window=&#8221;on&#8221; button_text=&#8221;EMPEZAR&#8221; content_tablet=&#8221;<\/p>\n<p>A\u00f1ada la inscripci\u00f3n VIP a su cesta para inscribirse en nuestro programa de recompensas para clientes VIP y obtener un descuento y ventajas.<\/p>\n<p>&#8221; content_phone=&#8221;<\/p>\n<p>A\u00f1ada la inscripci\u00f3n VIP a su cesta para inscribirse en nuestro programa de recompensas para clientes VIP y obtener un descuento y ventajas.<\/p>\n<p>&#8221; content_last_edited=&#8221;on|desktop&#8221; _builder_version=&#8221;4.25.0&#8243; header_level=&#8221;h1&#8243; header_font=&#8221;Tenor Sans||||||||&#8221; header_text_align=&#8221;center&#8221; header_text_color=&#8221;#000000&#8243; header_font_size=&#8221;50px&#8221; header_line_height=&#8221;1.1em&#8221; body_font=&#8221;Lato||||||||&#8221; body_text_color=&#8221;#000000&#8243; body_font_size=&#8221;22px&#8221; body_line_height=&#8221;1.9em&#8221; use_background_color=&#8221;off&#8221; custom_button=&#8221;on&#8221; button_text_color=&#8221;#FFFFFF&#8221; button_bg_color=&#8221;#000000&#8243; button_border_color=&#8221;#000000&#8243; button_border_radius=&#8221;0px&#8221; background_layout=&#8221;light&#8221; animation_style=&#8221;zoom&#8221; animation_direction=&#8221;bottom&#8221; animation_intensity_zoom=&#8221;10%&#8221; link_option_url_new_window=&#8221;on&#8221; button_text_color_hover=&#8221;#ffffff&#8221; button_border_radius_hover=&#8221;66px&#8221; button_letter_spacing_hover=&#8221;1px&#8221; button_bg_color_hover=&#8221;rgba(47,56,84,0.9)&#8221; global_colors_info=&#8221;{}&#8221; button_text_size__hover_enabled=&#8221;off&#8221; button_one_text_size__hover_enabled=&#8221;off&#8221; button_two_text_size__hover_enabled=&#8221;off&#8221; button_text_color__hover_enabled=&#8221;on&#8221; button_text_color__hover=&#8221;#ffffff&#8221; button_one_text_color__hover_enabled=&#8221;off&#8221; button_two_text_color__hover_enabled=&#8221;off&#8221; button_border_width__hover_enabled=&#8221;off&#8221; button_one_border_width__hover_enabled=&#8221;off&#8221; button_two_border_width__hover_enabled=&#8221;off&#8221; button_border_color__hover_enabled=&#8221;off&#8221; button_one_border_color__hover_enabled=&#8221;off&#8221; button_two_border_color__hover_enabled=&#8221;off&#8221; button_border_radius__hover_enabled=&#8221;on|hover&#8221; button_border_radius__hover=&#8221;0px&#8221; button_one_border_radius__hover_enabled=&#8221;off&#8221; button_two_border_radius__hover_enabled=&#8221;off&#8221; button_letter_spacing__hover_enabled=&#8221;on&#8221; button_letter_spacing__hover=&#8221;1px&#8221; button_one_letter_spacing__hover_enabled=&#8221;off&#8221; button_two_letter_spacing__hover_enabled=&#8221;off&#8221; button_bg_color__hover_enabled=&#8221;on|hover&#8221; button_bg_color__hover=&#8221;rgba(0,0,0,0)&#8221; button_one_bg_color__hover_enabled=&#8221;off&#8221; button_two_bg_color__hover_enabled=&#8221;off&#8221; button_bg_enable_color__hover=&#8221;on&#8221;]<\/p>\n<p>Agrega el art\u00edculo de Membres\u00eda VIP a tu carrito para inscribirte en nuestro programa de Recompensas para Clientes VIP y obtener descuentos y beneficios.<\/p>\n<p>[\/et_pb_cta][\/et_pb_column][\/et_pb_row][\/et_pb_section][et_pb_section fb_built=&#8221;1&#8243; _builder_version=&#8221;4.16&#8243; _module_preset=&#8221;default&#8221; min_height=&#8221;278.3px&#8221; custom_padding=&#8221;40px||40px|||&#8221; global_colors_info=&#8221;{}&#8221;][et_pb_row _builder_version=&#8221;4.16&#8243; _module_preset=&#8221;default&#8221; custom_padding=&#8221;0px|||||&#8221; global_colors_info=&#8221;{}&#8221;][et_pb_column type=&#8221;4_4&#8243; _builder_version=&#8221;4.16&#8243; _module_preset=&#8221;default&#8221; global_colors_info=&#8221;{}&#8221;][et_pb_text _builder_version=&#8221;4.23.2&#8243; _module_preset=&#8221;default&#8221; text_font=&#8221;Lato||||||||&#8221; text_text_color=&#8221;#000000&#8243; text_font_size=&#8221;16px&#8221; text_line_height=&#8221;1.4em&#8221; header_text_color=&#8221;#000000&#8243; header_line_height=&#8221;1.1em&#8221; link_option_url=&#8221;https:\/\/shop.bydesign.com\/Bravenly\/#\/custLogin\/from\/&#8221; global_colors_info=&#8221;{}&#8221;]<\/p>\n<div class=\"c-message_kit__gutter\">\n<div class=\"c-message_kit__gutter__right\" data-qa=\"message_content\">\n<div class=\"c-message_kit__blocks c-message_kit__blocks--rich_text\">\n<div class=\"c-message__message_blocks c-message__message_blocks--rich_text\">\n<div class=\"p-block_kit_renderer\" data-qa=\"block-kit-renderer\">\n<div class=\"p-block_kit_renderer__block_wrapper p-block_kit_renderer__block_wrapper--first\">\n<div class=\"p-rich_text_block\" dir=\"auto\">\n<h1 class=\"p-rich_text_section\" style=\"text-align: center;\"> <\/h1>\n<h1 class=\"p-rich_text_section\" style=\"text-align: center;\">\u00a1PREP\u00c1RATE PARA UN TRATAMIENTO VIP!<\/h1>\n<\/div>\n<\/div>\n<\/div>\n<\/div>\n<\/div>\n<\/div>\n<\/div>\n<div class=\"c-message_actions__container c-message__actions\" role=\"group\">\n<div class=\"c-message_actions__group\" role=\"group\" aria-label=\"Message shortcuts\" data-qa=\"message-actions\"> <\/div>\n<\/div>\n<p>[\/et_pb_text][\/et_pb_column][\/et_pb_row][et_pb_row column_structure=&#8221;1_3,1_3,1_3&#8243; _builder_version=&#8221;4.16&#8243; background_size=&#8221;initial&#8221; background_position=&#8221;top_left&#8221; background_repeat=&#8221;repeat&#8221; custom_padding=&#8221;5px|||||&#8221; global_colors_info=&#8221;{}&#8221;][et_pb_column type=&#8221;1_3&#8243; _builder_version=&#8221;4.16&#8243; background_position=&#8221;top_left&#8221; custom_padding=&#8221;|||&#8221; global_colors_info=&#8221;{}&#8221; custom_padding__hover=&#8221;|||&#8221;][et_pb_image src=&#8221;\/wp-content\/uploads\/2020\/12\/16.png&#8221; title_text=&#8221;16&#8243; align=&#8221;center&#8221; _builder_version=&#8221;4.16&#8243; _module_preset=&#8221;default&#8221; width=&#8221;25%&#8221; global_colors_info=&#8221;{}&#8221;][\/et_pb_image][et_pb_blurb url=&#8221;#&#8221; admin_label=&#8221;Service 01&#8243; _builder_version=&#8221;4.23.2&#8243; header_font=&#8221;Lato||||||||&#8221; header_text_color=&#8221;#000000&#8243; header_font_size=&#8221;22px&#8221; header_line_height=&#8221;1.5em&#8221; body_font=&#8221;Lato||||||||&#8221; body_text_color=&#8221;#000000&#8243; body_font_size=&#8221;16px&#8221; body_line_height=&#8221;1.5em&#8221; background_size=&#8221;initial&#8221; background_position=&#8221;top_left&#8221; background_repeat=&#8221;repeat&#8221; text_orientation=&#8221;center&#8221; animation_style=&#8221;fold&#8221; animation_direction=&#8221;bottom&#8221; animation_intensity_fold=&#8221;30%&#8221; border_color_all_image=&#8221;#000000&#8243; border_style_all_image=&#8221;none&#8221; global_colors_info=&#8221;{}&#8221;]<\/p>\n<p>DISFRUTA EL PRODUCTO<br \/>\u00a1Disfruta descuentos en productos de primera calidad, dise\u00f1ados para ofrecer resultados, formulados con ingredientes naturales y ricos en nutrientes!<\/p>\n<p>[\/et_pb_blurb][\/et_pb_column][et_pb_column type=&#8221;1_3&#8243; _builder_version=&#8221;4.16&#8243; background_position=&#8221;top_left&#8221; custom_padding=&#8221;|||&#8221; global_colors_info=&#8221;{}&#8221; custom_padding__hover=&#8221;|||&#8221;][et_pb_image src=&#8221;\/wp-content\/uploads\/2020\/12\/17.png&#8221; title_text=&#8221;17&#8243; align=&#8221;center&#8221; _builder_version=&#8221;4.16&#8243; _module_preset=&#8221;default&#8221; width=&#8221;25%&#8221; global_colors_info=&#8221;{}&#8221;][\/et_pb_image][et_pb_blurb url=&#8221;#&#8221; admin_label=&#8221;Service 02&#8243; _builder_version=&#8221;4.23.2&#8243; header_font=&#8221;Lato||||||||&#8221; header_text_color=&#8221;#000000&#8243; header_font_size=&#8221;22px&#8221; header_line_height=&#8221;1.5em&#8221; body_font=&#8221;Lato||||||||&#8221; body_text_color=&#8221;#000000&#8243; body_font_size=&#8221;16px&#8221; body_line_height=&#8221;1.5em&#8221; background_size=&#8221;initial&#8221; background_position=&#8221;top_left&#8221; background_repeat=&#8221;repeat&#8221; text_orientation=&#8221;center&#8221; animation_style=&#8221;fold&#8221; animation_direction=&#8221;bottom&#8221; animation_delay=&#8221;100ms&#8221; animation_intensity_fold=&#8221;30%&#8221; global_colors_info=&#8221;{}&#8221;]<\/p>\n<p>DISFRUTA LA COMUNIDAD<br \/>\u00a1Disfruta ser parte de una comunidad que se preocupa por ti, tu historia y tu AMOR por nuestros productos!<\/p>\n<p>[\/et_pb_blurb][\/et_pb_column][et_pb_column type=&#8221;1_3&#8243; _builder_version=&#8221;4.16&#8243; background_position=&#8221;top_left&#8221; custom_padding=&#8221;|||&#8221; global_colors_info=&#8221;{}&#8221; custom_padding__hover=&#8221;|||&#8221;][et_pb_image src=&#8221;\/wp-content\/uploads\/2020\/12\/14.png&#8221; title_text=&#8221;14&#8243; align=&#8221;center&#8221; _builder_version=&#8221;4.16&#8243; _module_preset=&#8221;default&#8221; width=&#8221;25%&#8221; global_colors_info=&#8221;{}&#8221;][\/et_pb_image][et_pb_blurb url=&#8221;#&#8221; admin_label=&#8221;Service 03&#8243; _builder_version=&#8221;4.23.2&#8243; header_font=&#8221;Lato||||||||&#8221; header_text_color=&#8221;#000000&#8243; header_font_size=&#8221;22px&#8221; header_line_height=&#8221;1.5em&#8221; body_font=&#8221;Lato||||||||&#8221; body_text_color=&#8221;#000000&#8243; body_font_size=&#8221;16px&#8221; body_line_height=&#8221;1.5em&#8221; background_size=&#8221;initial&#8221; background_position=&#8221;top_left&#8221; background_repeat=&#8221;repeat&#8221; text_orientation=&#8221;center&#8221; animation_style=&#8221;fold&#8221; animation_direction=&#8221;bottom&#8221; animation_delay=&#8221;300ms&#8221; animation_intensity_fold=&#8221;30%&#8221; global_colors_info=&#8221;{}&#8221;]<\/p>\n<p>DISFRUTA DE LAS RECOMPENSAS<\/p>\n<p>Disfruta de las recompensas que ofrece el Programa de Clientes VIP de Bravenly cuando utilizas y compartes nuestros productos.<\/p>\n<p>[\/et_pb_blurb][\/et_pb_column][\/et_pb_row][\/et_pb_section][et_pb_section fb_built=&#8221;1&#8243; admin_label=&#8221;Services&#8221; _builder_version=&#8221;4.16&#8243; min_height=&#8221;324px&#8221; custom_margin=&#8221;||-5px|||&#8221; custom_padding=&#8221;0px|0px|0px|0px||&#8221; global_colors_info=&#8221;{}&#8221;][et_pb_row column_structure=&#8221;1_2,1_2&#8243; use_custom_gutter=&#8221;on&#8221; gutter_width=&#8221;1&#8243; make_equal=&#8221;on&#8221; module_class=&#8221; et_pb_row_fullwidth&#8221; _builder_version=&#8221;4.16&#8243; background_size=&#8221;initial&#8221; background_position=&#8221;top_left&#8221; background_repeat=&#8221;repeat&#8221; width=&#8221;100%&#8221; width_tablet=&#8221;100%&#8221; width_phone=&#8221;&#8221; width_last_edited=&#8221;on|desktop&#8221; max_width=&#8221;100%&#8221; max_width_tablet=&#8221;100%&#8221; max_width_phone=&#8221;&#8221; max_width_last_edited=&#8221;on|desktop&#8221; min_height=&#8221;551px&#8221; min_height_tablet=&#8221;&#8221; min_height_phone=&#8221;0px&#8221; min_height_last_edited=&#8221;on|phone&#8221; custom_margin=&#8221;0px|auto|0px|auto|false|false&#8221; custom_padding=&#8221;10px||0px||false|false&#8221; make_fullwidth=&#8221;on&#8221; global_colors_info=&#8221;{}&#8221;][et_pb_column type=&#8221;1_2&#8243; disabled_on=&#8221;off|off|off&#8221; _builder_version=&#8221;4.16&#8243; background_image=&#8221;\/wp-content\/uploads\/2020\/08\/pexels-andrea-piacquadio-3760282.jpg&#8221; custom_padding=&#8221;110px||190px||false|false&#8221; background_last_edited=&#8221;on|phone&#8221; parallax_phone=&#8221;off&#8221; global_colors_info=&#8221;{}&#8221; custom_padding__hover=&#8221;|||&#8221;][\/et_pb_column][et_pb_column type=&#8221;1_2&#8243; _builder_version=&#8221;4.16&#8243; background_color=&#8221;#ffffff&#8221; background_position=&#8221;top_left&#8221; custom_padding=&#8221;13%|6%|8%|6%|false|false&#8221; custom_padding_tablet=&#8221;||2%||false|false&#8221; custom_padding_phone=&#8221;10%||0%||false|false&#8221; custom_padding_last_edited=&#8221;on|desktop&#8221; global_colors_info=&#8221;{}&#8221; custom_padding__hover=&#8221;|||&#8221;][et_pb_cta title=&#8221;H\u00c1GASE CLIENTE VIP&#8221; button_url=&#8221;https:\/\/shop.bydesign.com\/Bravenly\/#\/shop\/detail\/VIPMEMBERSHIP\/from\/A5797007&#8221; button_text=&#8221;EMPEZAR&#8221; admin_label=&#8221;Feature 01&#8243; _builder_version=&#8221;4.25.0&#8243; header_level=&#8221;h3&#8243; header_font=&#8221;Tenor Sans||||||||&#8221; header_text_color=&#8221;#000000&#8243; header_font_size=&#8221;52px&#8221; header_line_height=&#8221;1.5em&#8221; body_font=&#8221;Lato||||||||&#8221; body_text_color=&#8221;#000000&#8243; body_font_size=&#8221;25px&#8221; body_line_height=&#8221;1.5em&#8221; use_background_color=&#8221;off&#8221; background_layout=&#8221;light&#8221; max_width=&#8221;450px&#8221; module_alignment=&#8221;center&#8221; custom_margin=&#8221;|-152px||||&#8221; custom_padding=&#8221;10px||0px|0px|false|false&#8221; animation_style=&#8221;fold&#8221; animation_direction=&#8221;bottom&#8221; animation_intensity_fold=&#8221;15%&#8221; button_text_color_hover=&#8221;#6eba01&#8243; button_border_color_hover=&#8221;#6eba01&#8243; button_border_radius_hover=&#8221;0&#8243; button_letter_spacing_hover=&#8221;2&#8243; button_bg_color_hover=&#8221;rgba(0,0,0,0)&#8221; saved_tabs=&#8221;all&#8221; locked=&#8221;off&#8221; global_colors_info=&#8221;{}&#8221; button_text_size__hover_enabled=&#8221;off&#8221; button_one_text_size__hover_enabled=&#8221;off&#8221; button_two_text_size__hover_enabled=&#8221;off&#8221; button_text_color__hover_enabled=&#8221;on&#8221; button_text_color__hover=&#8221;#6eba01&#8243; button_one_text_color__hover_enabled=&#8221;off&#8221; button_two_text_color__hover_enabled=&#8221;off&#8221; button_border_width__hover_enabled=&#8221;off&#8221; button_one_border_width__hover_enabled=&#8221;off&#8221; button_two_border_width__hover_enabled=&#8221;off&#8221; button_border_color__hover_enabled=&#8221;on&#8221; button_border_color__hover=&#8221;#6eba01&#8243; button_one_border_color__hover_enabled=&#8221;off&#8221; button_two_border_color__hover_enabled=&#8221;off&#8221; button_border_radius__hover_enabled=&#8221;on&#8221; button_border_radius__hover=&#8221;0&#8243; button_one_border_radius__hover_enabled=&#8221;off&#8221; button_two_border_radius__hover_enabled=&#8221;off&#8221; button_letter_spacing__hover_enabled=&#8221;on&#8221; button_letter_spacing__hover=&#8221;2&#8243; button_one_letter_spacing__hover_enabled=&#8221;off&#8221; button_two_letter_spacing__hover_enabled=&#8221;off&#8221; button_bg_color__hover_enabled=&#8221;on&#8221; button_bg_color__hover=&#8221;rgba(0,0,0,0)&#8221; button_one_bg_color__hover_enabled=&#8221;off&#8221; button_two_bg_color__hover_enabled=&#8221;off&#8221;]<\/p>\n<p style=\"text-align: center;\">Si le gusta utilizar productos de alta gama y orientados a resultados, convi\u00e9rtase en CLIENTE VIP y disfrute de descuentos y recompensas en productos, adem\u00e1s de otras incre\u00edbles ventajas cada vez que compre. En Bravenly, tratamos a nuestros clientes VIP como si fueran de la familia.<\/p>\n<p>Para inscribirse, a\u00f1ada la CUOTA \u00daNICA PARA CLIENTES VIP a su cesta. A continuaci\u00f3n, recibir\u00e1 su nombre de usuario y su enlace.<\/p>\n<p>[\/et_pb_cta][\/et_pb_column][\/et_pb_row][\/et_pb_section][et_pb_section fb_built=&#8221;1&#8243; custom_padding_last_edited=&#8221;on|tablet&#8221; _builder_version=&#8221;4.16&#8243; _module_preset=&#8221;default&#8221; min_height=&#8221;335.6px&#8221; custom_padding=&#8221;70px||50px||false|false&#8221; custom_padding_tablet=&#8221;&#8221; custom_padding_phone=&#8221;&#8221; global_colors_info=&#8221;{}&#8221;][et_pb_row column_structure=&#8221;1_3,1_3,1_3&#8243; _builder_version=&#8221;4.16&#8243; _module_preset=&#8221;default&#8221; custom_padding=&#8221;10px|||||&#8221; global_colors_info=&#8221;{}&#8221;][et_pb_column type=&#8221;1_3&#8243; _builder_version=&#8221;4.16&#8243; _module_preset=&#8221;default&#8221; global_colors_info=&#8221;{}&#8221;][et_pb_image src=&#8221;\/wp-content\/uploads\/2020\/12\/22.png&#8221; title_text=&#8221;22&#8243; align=&#8221;center&#8221; _builder_version=&#8221;4.16&#8243; _module_preset=&#8221;default&#8221; width=&#8221;25%&#8221; global_colors_info=&#8221;{}&#8221;][\/et_pb_image][et_pb_text _builder_version=&#8221;4.16&#8243; _module_preset=&#8221;default&#8221; text_font=&#8221;Lato||||||||&#8221; text_text_color=&#8221;#000000&#8243; text_font_size=&#8221;16px&#8221; text_line_height=&#8221;1.5em&#8221; global_colors_info=&#8221;{}&#8221;]<\/p>\n<p style=\"text-align: center;\">10% DE DESCUENTO EN TODOS LOS PRODUCTOS BRAVENLY<\/p>\n<p style=\"text-align: center;\">Disfruta de este exclusivo descuento de por vida al comprar productos Bravenly.<\/p>\n<p>[\/et_pb_text][\/et_pb_column][et_pb_column type=&#8221;1_3&#8243; _builder_version=&#8221;4.16&#8243; _module_preset=&#8221;default&#8221; global_colors_info=&#8221;{}&#8221;][et_pb_image src=&#8221;\/wp-content\/uploads\/2020\/12\/18.png&#8221; title_text=&#8221;18&#8243; align=&#8221;center&#8221; _builder_version=&#8221;4.16&#8243; _module_preset=&#8221;default&#8221; width=&#8221;25%&#8221; global_colors_info=&#8221;{}&#8221;][\/et_pb_image][et_pb_text _builder_version=&#8221;4.27.4&#8243; _module_preset=&#8221;default&#8221; text_font=&#8221;Lato||||||||&#8221; text_text_color=&#8221;#000000&#8243; text_font_size=&#8221;16px&#8221; text_line_height=&#8221;1.5em&#8221; global_colors_info=&#8221;{}&#8221;]<\/p>\n<p style=\"text-align: center;\">10 % DE EFECTIVO DE BRAVENLY<\/p>\n<p style=\"text-align: center;\">Cuando un cliente compre productos Bravenly con tu enlace, recibir\u00e1s un 10 % de devoluci\u00f3n en Efectivo de Bravenly.<\/p>\n<p>[\/et_pb_text][\/et_pb_column][et_pb_column type=&#8221;1_3&#8243; _builder_version=&#8221;4.16&#8243; _module_preset=&#8221;default&#8221; global_colors_info=&#8221;{}&#8221;][et_pb_image src=&#8221;\/wp-content\/uploads\/2020\/12\/13.png&#8221; title_text=&#8221;13&#8243; align=&#8221;center&#8221; _builder_version=&#8221;4.16&#8243; _module_preset=&#8221;default&#8221; width=&#8221;25%&#8221; global_colors_info=&#8221;{}&#8221;][\/et_pb_image][et_pb_text _builder_version=&#8221;4.16&#8243; _module_preset=&#8221;default&#8221; text_font=&#8221;Lato||||||||&#8221; text_text_color=&#8221;#000000&#8243; text_font_size=&#8221;16px&#8221; text_line_height=&#8221;1.5em&#8221; global_colors_info=&#8221;{}&#8221;]<\/p>\n<p style=\"text-align: center;\">SUSCRIPCI\u00d3N DE POR VIDA<\/p>\n<p style=\"text-align: center;\">\n<div>\n<div>\n<p>Pague una cuota \u00fanica de 9,99 $ y consiga una suscripci\u00f3n de LIFETIME a nuestro Programa de clientes VIP.<\/p>\n<\/div>\n<\/div>\n<p>[\/et_pb_text][\/et_pb_column][\/et_pb_row][\/et_pb_section][et_pb_section fb_built=&#8221;1&#8243; fullwidth=&#8221;on&#8221; admin_label=&#8221;Section&#8221; _builder_version=&#8221;4.23.2&#8243; _module_preset=&#8221;default&#8221; background_enable_image=&#8221;off&#8221; locked=&#8221;off&#8221; global_colors_info=&#8221;{}&#8221;][\/et_pb_section][et_pb_section fb_built=&#8221;1&#8243; admin_label=&#8221;Split Section&#8221; _builder_version=&#8221;4.16&#8243; custom_padding=&#8221;0px||0px|&#8221; animation_style=&#8221;fold&#8221; animation_direction=&#8221;bottom&#8221; animation_intensity_fold=&#8221;4%&#8221; global_colors_info=&#8221;{}&#8221;][\/et_pb_section]<\/p>\n","protected":false},"excerpt":{"rendered":"<p>Agrega el art\u00edculo de Membres\u00eda VIP a tu carrito para inscribirte en nuestro programa de Recompensas para Clientes VIP y obtener descuentos y beneficios. \u00a1PREP\u00c1RATE PARA UN TRATAMIENTO VIP! DISFRUTA EL PRODUCTO\u00a1Disfruta descuentos en productos de primera calidad, dise\u00f1ados para ofrecer resultados, formulados con ingredientes naturales y ricos en nutrientes!DISFRUTA LA COMUNIDAD\u00a1Disfruta ser parte de [&hellip;]<\/p>\n","protected":false},"author":191432657,"featured_media":0,"parent":0,"menu_order":0,"comment_status":"closed","ping_status":"closed","template":"","meta":{"_et_pb_use_builder":"on","_et_pb_old_content":"","_et_gb_content_width":"","_coblocks_attr":"","_coblocks_dimensions":"","_coblocks_responsive_height":"","_coblocks_accordion_ie_support":"","footnotes":""},"class_list":["post-15443","page","type-page","status-publish","hentry"],"_links":{"self":[{"href":"https:\/\/amykeough.bravenlyglobal.com\/es\/wp-json\/wp\/v2\/pages\/15443","targetHints":{"allow":["GET"]}}],"collection":[{"href":"https:\/\/amykeough.bravenlyglobal.com\/es\/wp-json\/wp\/v2\/pages"}],"about":[{"href":"https:\/\/amykeough.bravenlyglobal.com\/es\/wp-json\/wp\/v2\/types\/page"}],"author":[{"embeddable":true,"href":"https:\/\/amykeough.bravenlyglobal.com\/es\/wp-json\/wp\/v2\/users\/191432657"}],"replies":[{"embeddable":true,"href":"https:\/\/amykeough.bravenlyglobal.com\/es\/wp-json\/wp\/v2\/comments?post=15443"}],"version-history":[{"count":5,"href":"https:\/\/amykeough.bravenlyglobal.com\/es\/wp-json\/wp\/v2\/pages\/15443\/revisions"}],"predecessor-version":[{"id":30345,"href":"https:\/\/amykeough.bravenlyglobal.com\/es\/wp-json\/wp\/v2\/pages\/15443\/revisions\/30345"}],"wp:attachment":[{"href":"https:\/\/amykeough.bravenlyglobal.com\/es\/wp-json\/wp\/v2\/media?parent=15443"}],"curies":[{"name":"wp","href":"https:\/\/api.w.org\/{rel}","templated":true}]}}